{"id":150,"date":"2024-03-07T08:47:27","date_gmt":"2024-03-07T08:47:27","guid":{"rendered":"https:\/\/nutrix.com.pl\/?page_id=150"},"modified":"2024-03-07T10:31:37","modified_gmt":"2024-03-07T10:31:37","slug":"dlapacjenta_pliki","status":"publish","type":"page","link":"https:\/\/nutrix.com.pl\/?page_id=150","title":{"rendered":"dlapacjenta_pliki"},"content":{"rendered":"<p>[et_pb_section fb_built=&#8221;1&#8243; admin_label=&#8221;Header&#8221; _builder_version=&#8221;4.24.2&#8243; _module_preset=&#8221;default&#8221; background_enable_color=&#8221;off&#8221; use_background_color_gradient=&#8221;on&#8221; background_color_gradient_direction=&#8221;40deg&#8221; background_color_gradient_stops=&#8221;#602f7a 0%|rgba(99,20,61,0) 100%&#8221; background_color_gradient_overlays_image=&#8221;on&#8221; background_color_gradient_start=&#8221;rgba(111,37,204,0.9)&#8221; background_color_gradient_end=&#8221;rgba(91,0,204,0)&#8221; background_image=&#8221;https:\/\/nutrix.com.pl\/wp-content\/uploads\/2024\/02\/flat-lay-medical-composition-with-copyspace.jpg&#8221; background_position=&#8221;top_left&#8221; locked=&#8221;off&#8221; global_colors_info=&#8221;{}&#8221;][et_pb_row _builder_version=&#8221;4.24.2&#8243; _module_preset=&#8221;default&#8221; custom_margin=&#8221;0px||0px||false|false&#8221; custom_padding=&#8221;0px||0px||false|false&#8221; global_colors_info=&#8221;{}&#8221;][et_pb_column type=&#8221;4_4&#8243; _builder_version=&#8221;4.24.2&#8243; _module_preset=&#8221;default&#8221; custom_padding=&#8221;0px||||false|false&#8221; custom_padding_tablet=&#8221;0px||||false|false&#8221; custom_padding_phone=&#8221;0px||||false|false&#8221; custom_padding_last_edited=&#8221;on|tablet&#8221; global_colors_info=&#8221;{}&#8221;][et_pb_text _builder_version=&#8221;4.24.2&#8243; _module_preset=&#8221;e598b17a-9229-42f6-b238-019d6094332e&#8221; header_font=&#8221;Jost|700|||||||&#8221; header_text_align=&#8221;left&#8221; header_text_color=&#8221;#FFFFFF&#8221; header_font_size=&#8221;50px&#8221; header_line_height=&#8221;1.1em&#8221; custom_margin=&#8221;0px|0px|0px|0px|false|false&#8221; custom_padding=&#8221;0px||0px||false|false&#8221; header_font_size_tablet=&#8221;40px&#8221; header_font_size_phone=&#8221;24px&#8221; header_font_size_last_edited=&#8221;on|desktop&#8221; locked=&#8221;off&#8221; global_colors_info=&#8221;{}&#8221;]<\/p>\n<h1>Pliki do pobrania<\/h1>\n<p>[\/et_pb_text][\/et_pb_column][\/et_pb_row][\/et_pb_section][et_pb_section fb_built=&#8221;1&#8243; admin_label=&#8221;Services&#8221; _builder_version=&#8221;4.16&#8243; _module_preset=&#8221;default&#8221; custom_padding=&#8221;20px|||||&#8221; global_colors_info=&#8221;{}&#8221;][et_pb_row column_structure=&#8221;1_3,2_3&#8243; _builder_version=&#8221;4.24.2&#8243; _module_preset=&#8221;default&#8221; custom_margin=&#8221;11px|auto||auto||&#8221; global_colors_info=&#8221;{}&#8221;][et_pb_column type=&#8221;1_3&#8243; _builder_version=&#8221;4.24.2&#8243; _module_preset=&#8221;default&#8221; background_color=&#8221;#e6def7&#8243; custom_padding=&#8221;40px|30px|40px|30px|true|true&#8221; custom_padding_tablet=&#8221;40px|30px|40px|30px|true|true&#8221; custom_padding_phone=&#8221;|20px||20px|true|true&#8221; custom_padding_last_edited=&#8221;on|phone&#8221; border_radii=&#8221;on|30px|30px|30px|30px&#8221; global_colors_info=&#8221;{}&#8221;][et_pb_text _builder_version=&#8221;4.24.2&#8243; _module_preset=&#8221;22d0da71-6393-430b-a0cd-b77dd565e85c&#8221; text_text_color=&#8221;#000000&#8243; text_font_size=&#8221;16px&#8221; text_line_height=&#8221;1.8em&#8221; text_orientation=&#8221;center&#8221; text_font_size_tablet=&#8221;15px&#8221; text_font_size_phone=&#8221;14px&#8221; text_font_size_last_edited=&#8221;on|phone&#8221; header_font_size_tablet=&#8221;55px&#8221; header_font_size_last_edited=&#8221;off|desktop&#8221; locked=&#8221;off&#8221; global_colors_info=&#8221;{}&#8221;]<\/p>\n<p style=\"text-align: center;\"><strong>Przed um\u00f3wion\u0105 wizyt\u0105 prosimy o pobranie odpowiednich plik\u00f3w oraz zapoznanie si\u0119 z nimi.<\/strong><\/p>\n<p>[\/et_pb_text][\/et_pb_column][et_pb_column type=&#8221;2_3&#8243; _builder_version=&#8221;4.16&#8243; _module_preset=&#8221;default&#8221; global_colors_info=&#8221;{}&#8221;][et_pb_testimonial quote_icon_color=&#8221;#f5b5d2&#8243; quote_icon_background_color=&#8221;RGBA(255,255,255,0)&#8221; font_icon=&#8221;&#x22;||divi||400&#8243; _builder_version=&#8221;4.24.2&#8243; _module_preset=&#8221;default&#8221; custom_padding=&#8221;22px|0px|16px|54px|false|false&#8221; hover_enabled=&#8221;0&#8243; global_colors_info=&#8221;{}&#8221; sticky_enabled=&#8221;0&#8243; custom_margin=&#8221;||0px||false|false&#8221;]<\/p>\n<p><b><\/b><\/p>\n<p><span style=\"font-size: large;\"><b>Kwestionariusz medyczny:<\/b><\/span><\/p>\n<ul>\n<li aria-level=\"1\">plik WORD : <a href=\"https:\/\/nutrix.com.pl\/wp-content\/uploads\/2024\/03\/kwestionariusz.docx\"><strong>POBIERZ<\/strong><\/a><\/li>\n<li aria-level=\"1\"><span style=\"font-weight: 400;\">plik PDF : <a href=\"https:\/\/nutrix.com.pl\/wp-content\/uploads\/2024\/03\/kwestionariusz.pdf\"><strong>POBIERZ<\/strong><\/a><\/span><\/li>\n<\/ul>\n<p>[\/et_pb_testimonial][et_pb_testimonial quote_icon_color=&#8221;#f5b5d2&#8243; quote_icon_background_color=&#8221;RGBA(255,255,255,0)&#8221; font_icon=&#8221;&#x22;||divi||400&#8243; _builder_version=&#8221;4.24.2&#8243; _module_preset=&#8221;default&#8221; custom_padding=&#8221;22px|0px|16px|54px|false|false&#8221; hover_enabled=&#8221;0&#8243; global_colors_info=&#8221;{}&#8221; sticky_enabled=&#8221;0&#8243; custom_margin=&#8221;20px||0px||false|false&#8221;]<\/p>\n<p><b><\/b><\/p>\n<p><span style=\"font-size: large;\"><b>Zgoda na pobranie krwi:<\/b><\/span><\/p>\n<ul>\n<li aria-level=\"1\">plik WORD : <a href=\"https:\/\/nutrix.com.pl\/wp-content\/uploads\/2024\/03\/kwestionariusz.docx\"><strong>POBIERZ<\/strong><\/a><\/li>\n<li aria-level=\"1\"><span style=\"font-weight: 400;\">plik PDF : <a href=\"https:\/\/nutrix.com.pl\/wp-content\/uploads\/2024\/03\/kwestionariusz.pdf\"><strong>POBIERZ<\/strong><\/a><\/span><\/li>\n<\/ul>\n<p>[\/et_pb_testimonial][et_pb_testimonial quote_icon_color=&#8221;#f5b5d2&#8243; quote_icon_background_color=&#8221;RGBA(255,255,255,0)&#8221; font_icon=&#8221;&#x22;||divi||400&#8243; _builder_version=&#8221;4.24.2&#8243; _module_preset=&#8221;default&#8221; custom_padding=&#8221;22px|0px|16px|54px|false|false&#8221; hover_enabled=&#8221;0&#8243; global_colors_info=&#8221;{}&#8221; sticky_enabled=&#8221;0&#8243; custom_margin=&#8221;20px||0px||false|false&#8221;]<\/p>\n<p><b><\/b><\/p>\n<p><span style=\"font-size: large;\"><b>Zgoda na zastrzyk:<\/b><\/span><\/p>\n<ul>\n<li aria-level=\"1\">plik WORD : <a href=\"https:\/\/nutrix.com.pl\/wp-content\/uploads\/2024\/03\/kwestionariusz.docx\"><strong>POBIERZ<\/strong><\/a><\/li>\n<li aria-level=\"1\"><span style=\"font-weight: 400;\">plik PDF : <a href=\"https:\/\/nutrix.com.pl\/wp-content\/uploads\/2024\/03\/kwestionariusz.pdf\"><strong>POBIERZ<\/strong><\/a><\/span><\/li>\n<\/ul>\n<p>[\/et_pb_testimonial][et_pb_testimonial quote_icon_color=&#8221;#f5b5d2&#8243; quote_icon_background_color=&#8221;RGBA(255,255,255,0)&#8221; font_icon=&#8221;&#x22;||divi||400&#8243; _builder_version=&#8221;4.24.2&#8243; _module_preset=&#8221;default&#8221; custom_padding=&#8221;22px|0px|16px|54px|false|false&#8221; hover_enabled=&#8221;0&#8243; global_colors_info=&#8221;{}&#8221; sticky_enabled=&#8221;0&#8243; custom_margin=&#8221;20px||0px||false|false&#8221;]<\/p>\n<p><b><\/b><\/p>\n<p><span style=\"font-size: large;\"><b>Zgoda na wlew kroplowy:<\/b><\/span><\/p>\n<ul>\n<li aria-level=\"1\">plik WORD : <a href=\"https:\/\/nutrix.com.pl\/wp-content\/uploads\/2024\/03\/kwestionariusz.docx\"><strong>POBIERZ<\/strong><\/a><\/li>\n<li aria-level=\"1\"><span style=\"font-weight: 400;\">plik PDF : <a href=\"https:\/\/nutrix.com.pl\/wp-content\/uploads\/2024\/03\/kwestionariusz.pdf\"><strong>POBIERZ<\/strong><\/a><\/span><\/li>\n<\/ul>\n<p>[\/et_pb_testimonial][et_pb_testimonial quote_icon_color=&#8221;#f5b5d2&#8243; quote_icon_background_color=&#8221;RGBA(255,255,255,0)&#8221; font_icon=&#8221;&#x22;||divi||400&#8243; _builder_version=&#8221;4.24.2&#8243; _module_preset=&#8221;default&#8221; custom_padding=&#8221;22px|0px|16px|54px|false|false&#8221; hover_enabled=&#8221;0&#8243; global_colors_info=&#8221;{}&#8221; sticky_enabled=&#8221;0&#8243; custom_margin=&#8221;20px||0px||false|false&#8221;]<\/p>\n<p><b><\/b><\/p>\n<p><span style=\"font-size: large;\"><b>Zgoda na przetwarzanie danych:<\/b><\/span><\/p>\n<ul>\n<li aria-level=\"1\">plik WORD : <a href=\"https:\/\/nutrix.com.pl\/wp-content\/uploads\/2024\/03\/kwestionariusz.docx\"><strong>POBIERZ<\/strong><\/a><\/li>\n<li aria-level=\"1\"><span style=\"font-weight: 400;\">plik PDF : <a href=\"https:\/\/nutrix.com.pl\/wp-content\/uploads\/2024\/03\/kwestionariusz.pdf\"><strong>POBIERZ<\/strong><\/a><\/span><\/li>\n<\/ul>\n<p>[\/et_pb_testimonial][\/et_pb_column][\/et_pb_row][\/et_pb_section][et_pb_section fb_built=&#8221;1&#8243; custom_padding_last_edited=&#8221;on|phone&#8221; admin_label=&#8221;Footer&#8221; _builder_version=&#8221;4.24.2&#8243; _module_preset=&#8221;default&#8221; background_color=&#8221;#000000&#8243; use_background_color_gradient=&#8221;on&#8221; background_color_gradient_direction=&#8221;200deg&#8221; background_color_gradient_stops=&#8221;rgba(81,0,124,0.44) 0%|#ffffff 100%&#8221; background_color_gradient_overlays_image=&#8221;on&#8221; background_color_gradient_start=&#8221;rgba(255,255,255,0)&#8221; background_color_gradient_end=&#8221;rgba(0,0,0,0.32)&#8221; background_image=&#8221;https:\/\/nutrix.com.pl\/wp-content\/uploads\/2024\/02\/flat-lay-medical-composition-with-copyspace.jpg&#8221; z_index=&#8221;374&#8243; custom_padding=&#8221;80px||||false|false&#8221; custom_padding_tablet=&#8221;50px||50px||true|false&#8221; custom_padding_phone=&#8221;30px||30px||true|false&#8221; global_module=&#8221;126&#8243; saved_tabs=&#8221;all&#8221; locked=&#8221;off&#8221; global_colors_info=&#8221;{}&#8221;][et_pb_row column_structure=&#8221;1_2,1_2&#8243; _builder_version=&#8221;4.24.2&#8243; _module_preset=&#8221;default&#8221; custom_padding=&#8221;0px||||false|false&#8221; global_colors_info=&#8221;{}&#8221;][et_pb_column type=&#8221;1_2&#8243; _builder_version=&#8221;4.16&#8243; _module_preset=&#8221;default&#8221; background_color=&#8221;#FFFFFF&#8221; z_index=&#8221;500&#8243; custom_padding=&#8221;40px|40px|40px|40px|true|true&#8221; custom_padding_tablet=&#8221;30px|30px|30px|30px|true|true&#8221; custom_padding_phone=&#8221;20px|20px|20px|20px|true|true&#8221; custom_padding_last_edited=&#8221;on|phone&#8221; border_radii=&#8221;on|30px|30px|30px|30px&#8221; border_radii_tablet=&#8221;off|0px|0px|30px|30px&#8221; border_radii_phone=&#8221;off|0px|0px|30px|30px&#8221; border_radii_last_edited=&#8221;off|tablet&#8221; box_shadow_style=&#8221;preset2&#8243; box_shadow_horizontal=&#8221;0px&#8221; box_shadow_vertical=&#8221;40px&#8221; box_shadow_blur=&#8221;40px&#8221; box_shadow_color=&#8221;rgba(20,18,40,0.05)&#8221; global_colors_info=&#8221;{}&#8221;][et_pb_text _builder_version=&#8221;4.24.2&#8243; _module_preset=&#8221;0c6bc8be-1265-496d-a8dc-bc5e9a9a9edf&#8221; header_font=&#8221;||||||||&#8221; header_3_font=&#8221;Jost|700|||||||&#8221; header_3_text_color=&#8221;#494949&#8243; header_3_font_size=&#8221;40px&#8221; header_3_line_height=&#8221;1.2em&#8221; header_3_font_size_tablet=&#8221;20px&#8221; header_3_font_size_phone=&#8221;16px&#8221; header_3_font_size_last_edited=&#8221;on|phone&#8221; global_colors_info=&#8221;{}&#8221;]<\/p>\n<h3>Napisz do Nas!<\/h3>\n<p>[\/et_pb_text][et_pb_contact_form captcha=&#8221;off&#8221; _builder_version=&#8221;4.24.2&#8243; _module_preset=&#8221;acc3c2e0-99d7-442e-ab21-a6c090694bb5&#8243; _unique_id=&#8221;a198cf51-7792-4f65-bd01-ddb746889587&#8243; form_field_background_color=&#8221;#f6f6f6&#8243; form_field_text_color=&#8221;#494949&#8243; form_field_font=&#8221;|700||on|||||&#8221; form_field_font_size=&#8221;12px&#8221; form_field_letter_spacing=&#8221;0.2em&#8221; custom_button=&#8221;on&#8221; button_text_size=&#8221;14px&#8221; button_text_color=&#8221;#000000&#8243; button_bg_color=&#8221;#c9d4da&#8221; button_border_width=&#8221;0px&#8221; button_border_radius=&#8221;10px&#8221; button_letter_spacing=&#8221;0.2em&#8221; button_font=&#8221;|700||on|||||&#8221; button_custom_margin=&#8221;10px||||false|false&#8221; button_custom_padding=&#8221;15px|30px|15px|30px|true|true&#8221; border_radii=&#8221;on|10px|10px|10px|10px&#8221; locked=&#8221;off&#8221; global_colors_info=&#8221;{}&#8221;][et_pb_contact_field field_id=&#8221;Name&#8221; field_title=&#8221;Imi\u0119&#8221; fullwidth_field=&#8221;on&#8221; _builder_version=&#8221;4.24.2&#8243; _module_preset=&#8221;default&#8221; global_colors_info=&#8221;{}&#8221; button_text_size__hover_enabled=&#8221;off&#8221; button_one_text_size__hover_enabled=&#8221;off&#8221; button_two_text_size__hover_enabled=&#8221;off&#8221; button_text_color__hover_enabled=&#8221;off&#8221; button_one_text_color__hover_enabled=&#8221;off&#8221; button_two_text_color__hover_enabled=&#8221;off&#8221; button_border_width__hover_enabled=&#8221;off&#8221; button_one_border_width__hover_enabled=&#8221;off&#8221; button_two_border_width__hover_enabled=&#8221;off&#8221; button_border_color__hover_enabled=&#8221;off&#8221; button_one_border_color__hover_enabled=&#8221;off&#8221; button_two_border_color__hover_enabled=&#8221;off&#8221; button_border_radius__hover_enabled=&#8221;off&#8221; button_one_border_radius__hover_enabled=&#8221;off&#8221; button_two_border_radius__hover_enabled=&#8221;off&#8221; button_letter_spacing__hover_enabled=&#8221;off&#8221; button_one_letter_spacing__hover_enabled=&#8221;off&#8221; button_two_letter_spacing__hover_enabled=&#8221;off&#8221; button_bg_color__hover_enabled=&#8221;off&#8221; button_one_bg_color__hover_enabled=&#8221;off&#8221; button_two_bg_color__hover_enabled=&#8221;off&#8221;][\/et_pb_contact_field][et_pb_contact_field field_id=&#8221;Email&#8221; field_title=&#8221;Email lub numer telefonu&#8221; fullwidth_field=&#8221;on&#8221; _builder_version=&#8221;4.24.2&#8243; _module_preset=&#8221;default&#8221; global_colors_info=&#8221;{}&#8221; button_text_size__hover_enabled=&#8221;off&#8221; button_one_text_size__hover_enabled=&#8221;off&#8221; button_two_text_size__hover_enabled=&#8221;off&#8221; button_text_color__hover_enabled=&#8221;off&#8221; button_one_text_color__hover_enabled=&#8221;off&#8221; button_two_text_color__hover_enabled=&#8221;off&#8221; button_border_width__hover_enabled=&#8221;off&#8221; button_one_border_width__hover_enabled=&#8221;off&#8221; button_two_border_width__hover_enabled=&#8221;off&#8221; button_border_color__hover_enabled=&#8221;off&#8221; button_one_border_color__hover_enabled=&#8221;off&#8221; button_two_border_color__hover_enabled=&#8221;off&#8221; button_border_radius__hover_enabled=&#8221;off&#8221; button_one_border_radius__hover_enabled=&#8221;off&#8221; button_two_border_radius__hover_enabled=&#8221;off&#8221; button_letter_spacing__hover_enabled=&#8221;off&#8221; button_one_letter_spacing__hover_enabled=&#8221;off&#8221; button_two_letter_spacing__hover_enabled=&#8221;off&#8221; button_bg_color__hover_enabled=&#8221;off&#8221; button_one_bg_color__hover_enabled=&#8221;off&#8221; button_two_bg_color__hover_enabled=&#8221;off&#8221;][\/et_pb_contact_field][et_pb_contact_field field_id=&#8221;Message&#8221; field_title=&#8221;TRE\u015a\u0106 WIADOMO\u015aCI&#8221; field_type=&#8221;text&#8221; fullwidth_field=&#8221;on&#8221; _builder_version=&#8221;4.24.2&#8243; _module_preset=&#8221;default&#8221; global_colors_info=&#8221;{}&#8221; button_text_size__hover_enabled=&#8221;off&#8221; button_one_text_size__hover_enabled=&#8221;off&#8221; button_two_text_size__hover_enabled=&#8221;off&#8221; button_text_color__hover_enabled=&#8221;off&#8221; button_one_text_color__hover_enabled=&#8221;off&#8221; button_two_text_color__hover_enabled=&#8221;off&#8221; button_border_width__hover_enabled=&#8221;off&#8221; button_one_border_width__hover_enabled=&#8221;off&#8221; button_two_border_width__hover_enabled=&#8221;off&#8221; button_border_color__hover_enabled=&#8221;off&#8221; button_one_border_color__hover_enabled=&#8221;off&#8221; button_two_border_color__hover_enabled=&#8221;off&#8221; button_border_radius__hover_enabled=&#8221;off&#8221; button_one_border_radius__hover_enabled=&#8221;off&#8221; button_two_border_radius__hover_enabled=&#8221;off&#8221; button_letter_spacing__hover_enabled=&#8221;off&#8221; button_one_letter_spacing__hover_enabled=&#8221;off&#8221; button_two_letter_spacing__hover_enabled=&#8221;off&#8221; button_bg_color__hover_enabled=&#8221;off&#8221; button_one_bg_color__hover_enabled=&#8221;off&#8221; button_two_bg_color__hover_enabled=&#8221;off&#8221;][\/et_pb_contact_field][\/et_pb_contact_form][\/et_pb_column][et_pb_column type=&#8221;1_2&#8243; _builder_version=&#8221;4.24.2&#8243; _module_preset=&#8221;default&#8221; background_color=&#8221;#f8e0fc&#8221; transform_scale_tablet=&#8221;&#8221; transform_scale_phone=&#8221;&#8221; transform_scale_last_edited=&#8221;on|tablet&#8221; transform_translate=&#8221;0px|-80px&#8221; transform_translate_tablet=&#8221;0px|0px&#8221; transform_translate_phone=&#8221;&#8221; transform_translate_last_edited=&#8221;on|tablet&#8221; transform_translate_linked=&#8221;off&#8221; transform_rotate_tablet=&#8221;&#8221; transform_rotate_phone=&#8221;&#8221; transform_rotate_last_edited=&#8221;on|tablet&#8221; transform_skew_tablet=&#8221;&#8221; transform_skew_phone=&#8221;&#8221; transform_skew_last_edited=&#8221;on|tablet&#8221; transform_origin_tablet=&#8221;&#8221; transform_origin_phone=&#8221;&#8221; transform_origin_last_edited=&#8221;on|tablet&#8221; transform_styles_last_edited=&#8221;on|tablet&#8221; z_index=&#8221;500&#8243; custom_padding=&#8221;40px|40px|40px|40px|true|true&#8221; custom_padding_tablet=&#8221;30px|30px|30px|30px|true|true&#8221; custom_padding_phone=&#8221;20px|20px|20px|20px|true|true&#8221; custom_padding_last_edited=&#8221;on|phone&#8221; transform_styles_tablet=&#8221;&#8221; transform_styles_phone=&#8221;&#8221; border_radii=&#8221;off|||30px|30px&#8221; border_radii_tablet=&#8221;off|30px|30px|30px|30px&#8221; border_radii_phone=&#8221;off|30px|30px|30px|30px&#8221; border_radii_last_edited=&#8221;on|phone&#8221; global_colors_info=&#8221;{}&#8221;][et_pb_text _builder_version=&#8221;4.24.2&#8243; _module_preset=&#8221;0c6bc8be-1265-496d-a8dc-bc5e9a9a9edf&#8221; header_font=&#8221;||||||||&#8221; header_3_font=&#8221;Jost|700|||||||&#8221; header_3_text_align=&#8221;right&#8221; header_3_text_color=&#8221;#ae4a84&#8243; header_3_font_size=&#8221;40px&#8221; header_3_line_height=&#8221;1.2em&#8221; module_alignment=&#8221;right&#8221; header_3_font_size_tablet=&#8221;20px&#8221; header_3_font_size_phone=&#8221;16px&#8221; header_3_font_size_last_edited=&#8221;on|phone&#8221; global_colors_info=&#8221;{}&#8221;]<\/p>\n<h3>Dane kontaktowe<\/h3>\n<p>[\/et_pb_text][et_pb_divider color=&#8221;#FFFFFF&#8221; divider_weight=&#8221;2px&#8221; _builder_version=&#8221;4.24.2&#8243; _module_preset=&#8221;default&#8221; global_colors_info=&#8221;{}&#8221;][\/et_pb_divider][et_pb_text _builder_version=&#8221;4.24.2&#8243; _module_preset=&#8221;6f94a78a-34ba-48b9-9cfd-4ae76e78336e&#8221; text_font=&#8221;Jost|600|||||||&#8221; text_text_color=&#8221;#ae4a84&#8243; text_font_size=&#8221;19px&#8221; header_4_text_color=&#8221;#ae4a84&#8243; header_4_line_height=&#8221;1.5em&#8221; text_orientation=&#8221;right&#8221; text_font_size_tablet=&#8221;16px&#8221; text_font_size_phone=&#8221;14px&#8221; text_font_size_last_edited=&#8221;on|phone&#8221; header_font_size_tablet=&#8221;55px&#8221; header_font_size_last_edited=&#8221;off|desktop&#8221; header_4_font_size_tablet=&#8221;&#8221; header_4_font_size_phone=&#8221;15px&#8221; header_4_font_size_last_edited=&#8221;on|tablet&#8221; locked=&#8221;off&#8221; global_colors_info=&#8221;{}&#8221; text_line_height__hover_enabled=&#8221;off|desktop&#8221;]<\/p>\n<p>+48 575 575 575<\/p>\n<p>kontakt@nutrix.com.pl<\/p>\n<p>[\/et_pb_text][et_pb_image src=&#8221;https:\/\/nutrix.com.pl\/wp-content\/uploads\/2024\/02\/logo_beztla-4_white.png&#8221; title_text=&#8221;logo_beztla 4_white&#8221; _builder_version=&#8221;4.24.2&#8243; _module_preset=&#8221;default&#8221; global_colors_info=&#8221;{}&#8221;][\/et_pb_image][\/et_pb_column][\/et_pb_row][et_pb_row _builder_version=&#8221;4.24.2&#8243; _module_preset=&#8221;default&#8221; global_colors_info=&#8221;{}&#8221;][et_pb_column type=&#8221;4_4&#8243; _builder_version=&#8221;4.24.2&#8243; _module_preset=&#8221;default&#8221; global_colors_info=&#8221;{}&#8221;][et_pb_text _builder_version=&#8221;4.24.2&#8243; _module_preset=&#8221;default&#8221; text_font=&#8221;|||on|||||&#8221; text_text_color=&#8221;#636363&#8243; text_font_size=&#8221;11px&#8221; text_orientation=&#8221;justified&#8221; global_colors_info=&#8221;{}&#8221;]<\/p>\n<p><span>Administratorem danych osobowych jest firma Nutrix. Dane wpisane w formularzu kontaktowym b\u0119d\u0105 przetwarzane w celu udzielenia odpowiedzi na przesy\u0142ane zapytanie zgodnie z regulaminem i nie b\u0119d\u0105 udost\u0119pniane innym odbiorcom danych. <\/span>Artyku\u0142 6 ust. 1 lit. b RODO stanowi, \u017ce dozwolone jest przetwarzanie danych osobowych w zakresie, w jakim jest to niezb\u0119dne do wykonania umowy albo jest to niezb\u0119dne do podj\u0119cia dzia\u0142a\u0144 na \u017c\u0105danie osoby, kt\u00f3rej dane dotycz\u0105, przed zawarciem umowy. Dane nie s\u0105 w \u017caden spos\u00f3b gromadzone ani przechowywane, a po udzieleniu odpowiedzi zostaj\u0105 ca\u0142kowicie usuni\u0119te.<\/p>\n<p>[\/et_pb_text][\/et_pb_column][\/et_pb_row][\/et_pb_section]<\/p>\n","protected":false},"excerpt":{"rendered":"<p>Pliki do pobraniaPrzed um\u00f3wion\u0105 wizyt\u0105 prosimy o pobranie odpowiednich plik\u00f3w oraz zapoznanie si\u0119 z nimi. Kwestionariusz medyczny: plik WORD : POBIERZ plik PDF : POBIERZ Zgoda na pobranie krwi: plik WORD : POBIERZ plik PDF : POBIERZ Zgoda na zastrzyk: plik WORD : POBIERZ plik PDF : POBIERZ Zgoda na wlew kroplowy: plik WORD : [&hellip;]<\/p>\n","protected":false},"author":1,"featured_media":0,"parent":0,"menu_order":0,"comment_status":"closed","ping_status":"closed","template":"","meta":{"_et_pb_use_builder":"on","_et_pb_old_content":"","_et_gb_content_width":"","footnotes":""},"class_list":["post-150","page","type-page","status-publish","hentry"],"_links":{"self":[{"href":"https:\/\/nutrix.com.pl\/index.php?rest_route=\/wp\/v2\/pages\/150","targetHints":{"allow":["GET"]}}],"collection":[{"href":"https:\/\/nutrix.com.pl\/index.php?rest_route=\/wp\/v2\/pages"}],"about":[{"href":"https:\/\/nutrix.com.pl\/index.php?rest_route=\/wp\/v2\/types\/page"}],"author":[{"embeddable":true,"href":"https:\/\/nutrix.com.pl\/index.php?rest_route=\/wp\/v2\/users\/1"}],"replies":[{"embeddable":true,"href":"https:\/\/nutrix.com.pl\/index.php?rest_route=%2Fwp%2Fv2%2Fcomments&post=150"}],"version-history":[{"count":7,"href":"https:\/\/nutrix.com.pl\/index.php?rest_route=\/wp\/v2\/pages\/150\/revisions"}],"predecessor-version":[{"id":166,"href":"https:\/\/nutrix.com.pl\/index.php?rest_route=\/wp\/v2\/pages\/150\/revisions\/166"}],"wp:attachment":[{"href":"https:\/\/nutrix.com.pl\/index.php?rest_route=%2Fwp%2Fv2%2Fmedia&parent=150"}],"curies":[{"name":"wp","href":"https:\/\/api.w.org\/{rel}","templated":true}]}}